{"id":23,"date":"2025-11-22T20:45:27","date_gmt":"2025-11-22T20:45:27","guid":{"rendered":"https:\/\/bkltesting.com\/dashboard\/"},"modified":"2025-12-04T22:22:19","modified_gmt":"2025-12-04T22:22:19","slug":"dashboard","status":"publish","type":"page","link":"https:\/\/bkltesting.com\/ro\/dashboard\/","title":{"rendered":"Tablou de bord"},"content":{"rendered":"<div class=\"lifterlms\"><div class=\"llms-student-dashboard dashboard llms-sd-layout-columns\" data-current=\"dashboard\">\n\n\n<div class=\"llms-person-login-form-wrapper\">\n\n\t<form action=\"\" class=\"llms-login\" method=\"POST\" data-trp-original-action=\"\">\n\n\t\t<h2 class=\"llms-form-heading\">Autentificare<\/h2>\n\n\t\t<div class=\"llms-form-fields\">\n\n\t\t\t\n\t\t\t\t\t\t\t<div class=\"llms-form-field type-email llms-cols-6 llms-is-required\"><label for=\"llms_login\">Adresa de e-mail<span class=\"llms-required\">*<\/span><\/label><input class=\"llms-field-input\" id=\"llms_login\" name=\"llms_login\" required=\"required\" type=\"email\" \/><\/div>\t\t\t\t\t\t\t<div class=\"llms-form-field type-password llms-cols-6 llms-cols-last llms-is-required\"><label for=\"llms_password\">Parol\u0103<span class=\"llms-required\">*<\/span><\/label><input class=\"llms-field-input\" id=\"llms_password\" name=\"llms_password\" required=\"required\" type=\"password\" \/><div class=\"llms-visibility-toggle\"><button type=\"button\" class=\"llms-button-plain hide-if-no-js\" data-toggle=\"1\"><i class=\"fa fa-eye\"><\/i> <span class=\"llms-visibility-toggle-state\">Afi\u0219a\u021bi parola<\/span><\/button><\/div><\/div><div class=\"clear\"><\/div>\t\t\t\t\t\t\t<div class=\"llms-form-field type-submit llms-cols-3\"><button class=\"llms-field-button llms-button-action\" id=\"llms_login_button\" name=\"llms_login_button\" type=\"submit\" value=\"Login\">Autentificare<\/button><\/div>\t\t\t\t\t\t\t<div class=\"llms-form-field type-checkbox llms-cols-6\"><input class=\"llms-field-checkbox\" id=\"llms_remember\" name=\"llms_remember\" type=\"checkbox\" \/><label for=\"llms_remember\">Aminte\u0219te-\u021bi de mine<\/label><\/div>\t\t\t\t\t\t\t<div class=\"llms-form-field type-html llms-cols-3 llms-cols-last align-right\"><div class=\"llms-field-html\" id=\"llms_lost_password\"><\/div><span class=\"llms-description\"><a href=\"https:\/\/bkltesting.com\/ro\/dashboard\/lost-password\/\">V-a\u021bi pierdut parola?<\/a><\/span><\/div><div class=\"clear\"><\/div>\t\t\t\n\t\t\t<input type=\"hidden\" id=\"_llms_login_user_nonce\" name=\"_llms_login_user_nonce\" value=\"fc130de858\" \/><input type=\"hidden\" name=\"_wp_http_referer\" value=\"\/ro\/wp-json\/wp\/v2\/pages\/23\" \/>\t\t\t<input type=\"hidden\" name=\"redirect\" value=\"https:\/\/bkltesting.com\/ro\/dashboard\/\" \/>\n\t\t\t<input type=\"hidden\" name=\"action\" value=\"llms_login_user\" \/>\n\n\t\t\t\n\t\t<\/div>\n\n\t<input type=\"hidden\" name=\"trp-form-language\" value=\"ro\"\/><\/form>\n\n<\/div>\n\n\n\n\n<div class=\"llms-new-person-form-wrapper\">\n\n\t\t\t<h2 class=\"llms-form-heading\">\u00cenregistrare<\/h2>\n\t\n\t<form method=\"post\" class=\"llms-new-person-form register\" action=\"\">\n\n\t\t\n\n\t\t<div class=\"llms-form-fields\">\n\n\t\t\t\n\t\t\t<div class=\"llms-form-field type-email llms-cols-6 llms-is-required\"><label for=\"email_address\">Adres\u0103 de e-mail<span class=\"llms-required\">*<\/span><\/label><input class=\"llms-field-input\" data-match=\"email_address_confirm\" id=\"email_address\" name=\"email_address\" required=\"required\" type=\"email\" \/><\/div>\n<div class=\"llms-form-field type-email llms-cols-6 llms-cols-last llms-is-required\"><label for=\"email_address_confirm\">Confirm\u0103 adresa de e-mail<span class=\"llms-required\">*<\/span><\/label><input class=\"llms-field-input\" data-match=\"email_address\" id=\"email_address_confirm\" name=\"email_address_confirm\" required=\"required\" type=\"email\" \/><\/div><div class=\"clear\"><\/div>\n\n<div class=\"llms-form-field type-password llms-cols-6 llms-is-required\"><label for=\"password\">Parol\u0103<span class=\"llms-required\">*<\/span><\/label><input class=\"llms-field-input\" data-match=\"password_confirm\" id=\"password\" minlength=\"12\" name=\"password\" required=\"required\" type=\"password\" \/><\/div>\n<div class=\"llms-form-field type-password llms-cols-6 llms-cols-last llms-is-required\"><label for=\"password_confirm\">Confirm\u0103 parola<span class=\"llms-required\">*<\/span><\/label><input class=\"llms-field-input\" data-match=\"password\" id=\"password_confirm\" minlength=\"8\" name=\"password_confirm\" required=\"required\" type=\"password\" \/><\/div><div class=\"clear\"><\/div>\r<div class=\"llms-form-field type-html llms-cols-12 llms-cols-last\"><div aria-live=\"polite\" class=\"llms-field-html llms-password-strength-meter\" id=\"llms-password-strength-meter\"><\/div><span class=\"llms-description\">Este necesar\u0103 o parol\u0103 puternic\u0103, cu cel pu\u021bin 12 caractere, care s\u0103 con\u021bin\u0103 at\u00e2t litere majuscule, c\u00e2t \u0219i minuscule, cifre \u0219i simboluri. Te rug\u0103m s\u0103 nu incluzi numele t\u0103u \u00een parol\u0103.<\/span><\/div><div class=\"clear\"><\/div>\r\n\n<div class=\"llms-form-field type-text llms-cols-6 llms-is-required\"><label for=\"first_name\">Prenumele<span class=\"llms-required\">*<\/span><\/label><input class=\"llms-field-input\" id=\"first_name\" name=\"first_name\" required=\"required\" type=\"text\" \/><\/div>\n<div class=\"llms-form-field type-text llms-cols-6 llms-cols-last llms-is-required\"><label for=\"last_name\">Numele de familie<span class=\"llms-required\">*<\/span><\/label><input class=\"llms-field-input\" id=\"last_name\" name=\"last_name\" required=\"required\" type=\"text\" \/><\/div><div class=\"clear\"><\/div>\n\n<div class=\"llms-form-field type-tel llms-cols-12 llms-cols-last\"><label for=\"llms_phone\">Num\u0103r de telefon (op\u021bional)<\/label><input class=\"llms-field-input\" id=\"llms_phone\" name=\"llms_phone\" type=\"tel\" \/><\/div><div class=\"clear\"><\/div>\n\n<div class=\"llms-form-field type-text llms-cols-6 llms-cols-last llms-is-required\"><label for=\"llms_voucher\">Cod de activare<span class=\"llms-required\">*<\/span><\/label><input class=\"llms-field-input\" id=\"llms_voucher\" name=\"llms_voucher\" required=\"required\" type=\"text\" \/><span class=\"llms-description\">Introdu <strong>Codul de activare<\/strong> de pe coperta din spate a c\u0103r\u021bii tale.<\/span><\/div><div class=\"clear\"><\/div>\n\n\n<p><\/p>\n\n\t\t\t<div class=\"llms-form-field type-html llms-cols-12 llms-cols-last\"><div class=\"llms-field-html\" id=\"llms-privacy-policy\"><p>Datele tale cu caracter personal vor fi utilizate pentru a procesa \u00eenscrierea ta, pentru a v\u0103 sprijini experien\u021ba \u0219i pentru alte scopuri descrise \u00een <a href=\"https:\/\/bkltesting.com\/ro\/privacy-policy\/\" target=\"_blank\">Politica de confiden\u021bialitate<\/a>.<\/p><\/div><\/div><div class=\"clear\"><\/div><div class=\"llms-form-field type-checkbox llms-cols-12 llms-cols-last llms-is-required llms-agree-to-terms-wrapper\"><input class=\"llms-field-checkbox\" id=\"llms_agree_to_terms\" name=\"llms_agree_to_terms\" required=\"required\" type=\"checkbox\" value=\"yes\" \/><label for=\"llms_agree_to_terms\">Am citit \u0219i sunt de acord cu <a href=\"https:\/\/bkltesting.com\/ro\/terms-and-conditions\/\" target=\"_blank\">Termeni \u0219i condi\u021bii<\/a>.<span class=\"llms-required\">*<\/span><\/label><\/div><div class=\"clear\"><\/div>\n\t\t\t\n\t\t<\/div>\n\n\t\t<footer class=\"llms-form-fields\">\n\n\t\t\t\n\t\t\t<div class=\"llms-form-field type-submit llms-cols-3 llms-cols-last\"><button class=\"llms-field-button llms-button-action\" id=\"llms_register_person\" name=\"llms_register_person\" type=\"submit\" value=\"Register\">\u00cenregistrare<\/button><\/div><div class=\"clear\"><\/div>\n\t\t\t\t\t\t<input type=\"hidden\" id=\"_llms_register_person_nonce\" name=\"_llms_register_person_nonce\" value=\"457f93aaf8\" \/><input type=\"hidden\" name=\"_wp_http_referer\" value=\"\/ro\/wp-json\/wp\/v2\/pages\/23\" \/>\t\t\t<input name=\"action\" type=\"hidden\" value=\"llms_register_person\">\n\n\t\t<\/footer>\n\n\t\t\n\t<input type=\"hidden\" name=\"trp-form-language\" value=\"ro\"\/><\/form>\n\n<\/div>\n\n<\/div><!-- .llms-student-dashboard --><\/div>","protected":false},"excerpt":{"rendered":"","protected":false},"author":2,"featured_media":0,"parent":0,"menu_order":0,"comment_status":"closed","ping_status":"closed","template":"wp-custom-template-clive-full-width-no-title","meta":{"footnotes":""},"class_list":["post-23","page","type-page","status-publish","hentry"],"featured_image_src":null,"featured_image_src_square":null,"_links":{"self":[{"href":"https:\/\/bkltesting.com\/ro\/wp-json\/wp\/v2\/pages\/23","targetHints":{"allow":["GET"]}}],"collection":[{"href":"https:\/\/bkltesting.com\/ro\/wp-json\/wp\/v2\/pages"}],"about":[{"href":"https:\/\/bkltesting.com\/ro\/wp-json\/wp\/v2\/types\/page"}],"author":[{"embeddable":true,"href":"https:\/\/bkltesting.com\/ro\/wp-json\/wp\/v2\/users\/2"}],"replies":[{"embeddable":true,"href":"https:\/\/bkltesting.com\/ro\/wp-json\/wp\/v2\/comments?post=23"}],"version-history":[{"count":0,"href":"https:\/\/bkltesting.com\/ro\/wp-json\/wp\/v2\/pages\/23\/revisions"}],"wp:attachment":[{"href":"https:\/\/bkltesting.com\/ro\/wp-json\/wp\/v2\/media?parent=23"}],"curies":[{"name":"wp","href":"https:\/\/api.w.org\/{rel}","templated":true}]}}