{"id":3,"date":"2025-11-22T19:15:00","date_gmt":"2025-11-22T19:15:00","guid":{"rendered":"https:\/\/bkltesting2.wpenginepowered.com\/?page_id=3"},"modified":"2025-12-08T03:55:58","modified_gmt":"2025-12-08T03:55:58","slug":"privacy-policy","status":"publish","type":"page","link":"https:\/\/bkltesting.com\/ro\/privacy-policy\/","title":{"rendered":"Politica de confiden\u021bialitate"},"content":{"rendered":"<h2 class=\"wp-block-heading\">Politica de confiden\u021bialitate<\/h2>\n\n\n\n<h2 class=\"wp-block-heading\">Cine suntem<\/h2>\n\n\n\n<p>Noi suntem <strong>Editura Booklet SRL<\/strong> iar aceast\u0103 aplica\u021bie \u0219i acest site sunt cunoscute ca <strong>Bro\u0219ur\u0103 de \u00eenv\u0103\u021bare<\/strong>.  Con\u021binutul poate fi g\u0103sit la domeniul <strong>bookletlearning.com<\/strong>.<\/p>\n\n\n\n<h2 class=\"wp-block-heading\">Cookie-uri<\/h2>\n\n\n\n<p>Dac\u0103 vizita\u021bi pagina noastr\u0103 de autentificare, vom seta un cookie temporar pentru a determina dac\u0103 browserul dvs. accept\u0103 cookie-uri. Acest cookie nu con\u021bine date personale \u0219i este eliminat atunci c\u00e2nd \u00eenchide\u021bi browserul.<\/p>\n\n\n\n<p>De asemenea, atunci c\u00e2nd v\u0103 conecta\u021bi, vom seta mai multe module cookie pentru a v\u0103 salva informa\u021biile de conectare \u0219i op\u021biunile de afi\u0219are pe ecran. Cookie-urile de conectare dureaz\u0103 dou\u0103 zile, iar cookie-urile pentru op\u021biunile ecranului dureaz\u0103 un an. Dac\u0103 selecta\u021bi \u201cAminte\u0219te-\u021bi de mine\u201d, autentificarea dvs. va persista timp de dou\u0103 s\u0103pt\u0103m\u00e2ni. Dac\u0103 v\u0103 deconecta\u021bi de la contul dvs., cookie-urile de conectare vor fi eliminate.<\/p>\n\n\n\n<h2 class=\"wp-block-heading\">Cu cine \u00eemp\u0103rt\u0103\u0219im datele dumneavoastr\u0103<\/h2>\n\n\n\n<p>Dac\u0103 solicita\u021bi o resetare a parolei, adresa dvs. de IP va fi inclus\u0103 \u00een e-mailul de resetare.<\/p>\n\n\n\n<h2 class=\"wp-block-heading\">C\u00e2t timp p\u0103str\u0103m datele dumneavoastr\u0103<\/h2>\n\n\n\n<p>Pentru utilizatorii care se \u00eenregistreaz\u0103 pe site-ul nostru, stoc\u0103m, de asemenea, informa\u021biile personale pe care le furnizeaz\u0103 \u00een profilul lor de utilizator. To\u021bi utilizatorii \u00ee\u0219i pot vedea, edita sau \u0219terge informa\u021biile personale \u00een orice moment (cu excep\u021bia faptului c\u0103 nu \u00ee\u0219i pot schimba numele de utilizator). Administratorii site-ului web pot, de asemenea, s\u0103 vad\u0103 \u0219i s\u0103 editeze informa\u021biile respective.<\/p>\n\n\n\n<h2 class=\"wp-block-heading\">Ce drepturi ave\u021bi cu privire la datele dumneavoastr\u0103<\/h2>\n\n\n\n<p>Dac\u0103 ave\u021bi un cont pe acest site, pute\u021bi solicita s\u0103 primi\u021bi un fi\u0219ier exportat al datelor personale pe care le de\u021binem despre dumneavoastr\u0103, inclusiv orice date pe care ni le-a\u021bi furnizat. De asemenea, ne pute\u021bi solicita s\u0103 \u0219tergem orice date cu caracter personal pe care le de\u021binem despre dumneavoastr\u0103. Aceasta nu include orice date pe care suntem obliga\u021bi s\u0103 le p\u0103str\u0103m \u00een scopuri administrative, juridice sau de securitate.<\/p>\n\n\n\n\n\n<img decoding=\"async\" src=\"https:\/\/bkltesting.com\/wp-content\/uploads\/2025\/12\/ro-btn-inapoi-gri-54.png\" onclick=\"history.back()\" alt=\"Inapoi\" \/>\n\n\n\n<p><\/p>","protected":false},"excerpt":{"rendered":"<p>Privacy Policy Who we are We are Editura Booklet SRL and this application and website are known as Booklet Learning. The content can be found at the domain bookletlearning.com. Cookies If you visit our login page, we will set a temporary cookie to determine if your browser accepts cookies. This cookie contains no personal data [&hellip;]<\/p>\n","protected":false},"author":2,"featured_media":0,"parent":0,"menu_order":0,"comment_status":"closed","ping_status":"open","template":"wp-custom-template-clive-full-width-no-title","meta":{"footnotes":""},"class_list":["post-3","page","type-page","status-publish","hentry"],"featured_image_src":null,"featured_image_src_square":null,"_links":{"self":[{"href":"https:\/\/bkltesting.com\/ro\/wp-json\/wp\/v2\/pages\/3","targetHints":{"allow":["GET"]}}],"collection":[{"href":"https:\/\/bkltesting.com\/ro\/wp-json\/wp\/v2\/pages"}],"about":[{"href":"https:\/\/bkltesting.com\/ro\/wp-json\/wp\/v2\/types\/page"}],"author":[{"embeddable":true,"href":"https:\/\/bkltesting.com\/ro\/wp-json\/wp\/v2\/users\/2"}],"replies":[{"embeddable":true,"href":"https:\/\/bkltesting.com\/ro\/wp-json\/wp\/v2\/comments?post=3"}],"version-history":[{"count":0,"href":"https:\/\/bkltesting.com\/ro\/wp-json\/wp\/v2\/pages\/3\/revisions"}],"wp:attachment":[{"href":"https:\/\/bkltesting.com\/ro\/wp-json\/wp\/v2\/media?parent=3"}],"curies":[{"name":"wp","href":"https:\/\/api.w.org\/{rel}","templated":true}]}}