{"id":41,"date":"2025-11-22T21:57:58","date_gmt":"2025-11-22T21:57:58","guid":{"rendered":"https:\/\/bkltesting.com\/?page_id=41"},"modified":"2025-12-08T06:24:48","modified_gmt":"2025-12-08T06:24:48","slug":"home","status":"publish","type":"page","link":"https:\/\/bkltesting.com\/ro\/","title":{"rendered":"Acas\u0103"},"content":{"rendered":"<div class=\"wp-block-genesis-blocks-gb-columns gb-slate-section-numbered-list-and-image gb-layout-columns-2 gb-2-col-equal gb-has-custom-background-color gb-has-custom-text-color gb-columns-center alignfull\" style=\"padding-top:1em;padding-right:1em;padding-bottom:1em;padding-left:1em;background-color:#ffffff;color:#1f1f1f\"><div class=\"gb-layout-column-wrap gb-block-layout-column-gap-3 gb-is-responsive-column\" style=\"max-width:1200px\">\n<div class=\"wp-block-genesis-blocks-gb-column gb-block-layout-column\"><div class=\"gb-block-layout-column-inner\">\n<figure class=\"wp-block-image size-full\"><img loading=\"lazy\" decoding=\"async\" width=\"611\" height=\"857\" src=\"https:\/\/bkltesting.com\/wp-content\/uploads\/2025\/11\/front-girl.jpg\" alt=\"\" class=\"wp-image-104\" srcset=\"https:\/\/bkltesting.com\/wp-content\/uploads\/2025\/11\/front-girl.jpg 611w, https:\/\/bkltesting.com\/wp-content\/uploads\/2025\/11\/front-girl-214x300.jpg 214w, https:\/\/bkltesting.com\/wp-content\/uploads\/2025\/11\/front-girl-9x12.jpg 9w\" sizes=\"auto, (max-width: 611px) 100vw, 611px\" \/><\/figure>\n<\/div><\/div>\n\n\n\n<div class=\"wp-block-genesis-blocks-gb-column gb-block-layout-column gb-is-vertically-aligned-center\"><div class=\"gb-block-layout-column-inner\">\n<h2 class=\"wp-block-heading\">Salutare!<\/h2>\n\n\n\n<p class=\"has-text-color translation-block\" style=\"color:#1f1f1f;font-size:clamp(17.905px, 1.119rem + ((1vw - 3.2px) * 0.789), 28px);\">C\u0103r\u021bile, manualele \u0219i alte resurse digitale ale noastre, <strong>foarte apreciate<\/strong>, te a\u0219teapt\u0103 s\u0103 le descoperi!<br><br>Dac\u0103 ai achizi\u021bionat una dintre publica\u021biile noastre, <strong>\u00ee\u021bi mul\u021bumim!<\/strong>  Po\u021bi accesa resursele digitale ale acesteia <strong>\u00een mod gratuit, timp de un an<\/strong>.<\/p>\n\n\n\n\n\n<figure class=\"wp-block-image aligncenter size-full\"><a href=\"https:\/\/bkltesting.com\/ro\/register\/\"><img loading=\"lazy\" decoding=\"async\" width=\"158\" height=\"55\" src=\"https:\/\/bkltesting.com\/wp-content\/uploads\/2025\/12\/ro-btn-inregistrare-verde-54.png\" alt=\"\" class=\"wp-image-583\" srcset=\"https:\/\/bkltesting.com\/wp-content\/uploads\/2025\/12\/ro-btn-inregistrare-verde-54.png 158w, https:\/\/bkltesting.com\/wp-content\/uploads\/2025\/12\/ro-btn-inregistrare-verde-54-18x6.png 18w\" sizes=\"auto, (max-width: 158px) 100vw, 158px\" \/><\/a><\/figure>\n\n\n\n<p style=\"font-size:clamp(17.905px, 1.119rem + ((1vw - 3.2px) * 0.789), 28px);line-height:1.5\" class=\"translation-block\">\u00cenregistreaz\u0103-te furniz\u00e2nd pur \u0219i simplu datele tale \u00eempreun\u0103 cu un <strong>Cod de activare<\/strong> (<strong><a href=\"https:\/\/bkltesting.com\/ro\/activation-codes\/\" data-type=\"page\" data-id=\"391\" target=\"_self\">?<\/a><\/strong>).<\/p>\n\n\n\n<p style=\"font-size:clamp(17.905px, 1.119rem + ((1vw - 3.2px) * 0.789), 28px);line-height:1.5\">Deja \u00eenregistrat?<\/p>\n\n\n\n\n\n<figure class=\"wp-block-image size-full\"><a href=\"https:\/\/bkltesting.com\/ro\/login\/\"><img loading=\"lazy\" decoding=\"async\" width=\"173\" height=\"55\" src=\"https:\/\/bkltesting.com\/wp-content\/uploads\/2025\/12\/ro-btn-autentificare-gri-54.png\" alt=\"\" class=\"wp-image-577\" srcset=\"https:\/\/bkltesting.com\/wp-content\/uploads\/2025\/12\/ro-btn-autentificare-gri-54.png 173w, https:\/\/bkltesting.com\/wp-content\/uploads\/2025\/12\/ro-btn-autentificare-gri-54-18x6.png 18w\" sizes=\"auto, (max-width: 173px) 100vw, 173px\" \/><\/a><\/figure>\n\n\n\n<p class=\"has-text-align-left\"><\/p>\n<\/div><\/div>\n<\/div><\/div>\n\n\n\n\n\n<p><\/p>","protected":false},"excerpt":{"rendered":"","protected":false},"author":2,"featured_media":0,"parent":0,"menu_order":0,"comment_status":"closed","ping_status":"closed","template":"wp-custom-template-clive-full-width-no-title","meta":{"footnotes":""},"class_list":["post-41","page","type-page","status-publish","hentry"],"featured_image_src":null,"featured_image_src_square":null,"_links":{"self":[{"href":"https:\/\/bkltesting.com\/ro\/wp-json\/wp\/v2\/pages\/41","targetHints":{"allow":["GET"]}}],"collection":[{"href":"https:\/\/bkltesting.com\/ro\/wp-json\/wp\/v2\/pages"}],"about":[{"href":"https:\/\/bkltesting.com\/ro\/wp-json\/wp\/v2\/types\/page"}],"author":[{"embeddable":true,"href":"https:\/\/bkltesting.com\/ro\/wp-json\/wp\/v2\/users\/2"}],"replies":[{"embeddable":true,"href":"https:\/\/bkltesting.com\/ro\/wp-json\/wp\/v2\/comments?post=41"}],"version-history":[{"count":0,"href":"https:\/\/bkltesting.com\/ro\/wp-json\/wp\/v2\/pages\/41\/revisions"}],"wp:attachment":[{"href":"https:\/\/bkltesting.com\/ro\/wp-json\/wp\/v2\/media?parent=41"}],"curies":[{"name":"wp","href":"https:\/\/api.w.org\/{rel}","templated":true}]}}